{"id":3,"date":"2024-03-14T11:24:54","date_gmt":"2024-03-14T10:24:54","guid":{"rendered":"https:\/\/srlegal.es\/?page_id=3"},"modified":"2024-03-22T12:04:12","modified_gmt":"2024-03-22T11:04:12","slug":"datos-de-caracter-personal","status":"publish","type":"page","link":"https:\/\/srlegal.es\/index.php\/datos-de-caracter-personal\/","title":{"rendered":"Datos de car\u00e1cter personal"},"content":{"rendered":"\n<p>El responsable del tratamiento de los datos es la persona de contacto referida anteriormente (SRLEGAL, admin@srlegal.es)<\/p>\n\n\n\n<p>Al utilizar el presente sitio web y\/o al comunicarse electr\u00f3nicamente SRLEGAL, se podr\u00e1n recoger y tratar datos personales de cada usuario, el tratamiento de los cuales se rige por la presente pol\u00edtica de privacidad.<\/p>\n\n\n\n<p>Se tratar\u00e1n los datos personales que el usuario facilite, respetando las normas vigentes sobre protecci\u00f3n de datos personales.<\/p>\n\n\n\n<p>Los fines del tratamiento son exclusivamente gestionar la relaci\u00f3n SR LEGAL y responder a las consultas o cuestiones que se le puedan remitir.<\/p>\n\n\n\n<p>La base jur\u00eddica del tratamiento es el inter\u00e9s leg\u00edtimo de SR LEGAL en el mantenimiento de la relaci\u00f3n existente con el usuario.<\/p>\n\n\n\n<p>SR LEGAL no comunicar\u00e1 datos personales a terceros salvo que sea estrictamente necesario para los fines del tratamiento.<\/p>\n\n\n\n<p>Los datos personales ser\u00e1n conservados durante el tiempo que dure el tratamiento, o en su caso, el tiempo legal establecido para cada una de las obligaciones legales que deriven del tratamiento.<\/p>\n\n\n\n<p>Los datos personales que el usuario facilite podr\u00e1n ser incorporados a un fichero. El responsable del tratamiento ser\u00e1 SR LEGAL.<\/p>\n\n\n\n<p>El interesado tiene el derecho a solicitar el acceso a los datos personales relativos al interesado, y su rectificaci\u00f3n o supresi\u00f3n, o la limitaci\u00f3n de su tratamiento, o a oponerse al tratamiento, as\u00ed como el derecho a la portabilidad de los datos, mediante carta dirigida al responsable del tratamiento o mediante correo electr\u00f3nico a admin@srlegal.es.<\/p>\n\n\n\n<p>El interesado tambi\u00e9n tiene el derecho a presentar una reclamaci\u00f3n ante la autoridad de control, la Agencia Espa\u00f1ola de Protecci\u00f3n de Datos (www.aepd.es).<\/p>\n","protected":false},"excerpt":{"rendered":"<p>El responsable del tratamiento de los datos es la persona de contacto referida anteriormente (SRLEGAL, admin@srlegal.es) Al utilizar el presente sitio web y\/o al comunicarse electr\u00f3nicamente SRLEGAL, se podr\u00e1n recoger y tratar datos personales de cada usuario, el tratamiento de los cuales se rige por la presente pol\u00edtica de privacidad. Se tratar\u00e1n los datos personales [&#8230;]<\/p>\n<p><a class=\"btn btn-secondary understrap-read-more-link\" href=\"https:\/\/srlegal.es\/index.php\/datos-de-caracter-personal\/\">Leer m\u00e1s&#8230;<span class=\"screen-reader-text\"> from Datos de car\u00e1cter personal<\/span><\/a><\/p>\n","protected":false},"author":1,"featured_media":0,"parent":0,"menu_order":0,"comment_status":"closed","ping_status":"open","template":"","meta":{"footnotes":""},"class_list":["post-3","page","type-page","status-publish","hentry"],"_links":{"self":[{"href":"https:\/\/srlegal.es\/index.php\/wp-json\/wp\/v2\/pages\/3","targetHints":{"allow":["GET"]}}],"collection":[{"href":"https:\/\/srlegal.es\/index.php\/wp-json\/wp\/v2\/pages"}],"about":[{"href":"https:\/\/srlegal.es\/index.php\/wp-json\/wp\/v2\/types\/page"}],"author":[{"embeddable":true,"href":"https:\/\/srlegal.es\/index.php\/wp-json\/wp\/v2\/users\/1"}],"replies":[{"embeddable":true,"href":"https:\/\/srlegal.es\/index.php\/wp-json\/wp\/v2\/comments?post=3"}],"version-history":[{"count":1,"href":"https:\/\/srlegal.es\/index.php\/wp-json\/wp\/v2\/pages\/3\/revisions"}],"predecessor-version":[{"id":9,"href":"https:\/\/srlegal.es\/index.php\/wp-json\/wp\/v2\/pages\/3\/revisions\/9"}],"wp:attachment":[{"href":"https:\/\/srlegal.es\/index.php\/wp-json\/wp\/v2\/media?parent=3"}],"curies":[{"name":"wp","href":"https:\/\/api.w.org\/{rel}","templated":true}]}}